{"id":988,"date":"2024-06-22T13:34:00","date_gmt":"2024-06-22T13:34:00","guid":{"rendered":"https:\/\/www.perfumeriasavenida.com\/blog\/?page_id=988"},"modified":"2026-04-01T13:39:25","modified_gmt":"2026-04-01T11:39:25","slug":"bases-sorteo","status":"publish","type":"page","link":"https:\/\/www.perfumeriasavenida.com\/blog\/bases-sorteo\/","title":{"rendered":"bases sorteos"},"content":{"rendered":"\n<p class=\"has-text-align-center\">SORTEO 2 LOTES MAQUILLAJE RIMMEL, SALLY HANSEN, MAX FACTOR Y BOUJOIS<\/p>\n\n\n\n<p><\/p>\n\n\n\n<figure class=\"wp-block-image size-full\"><img loading=\"lazy\" decoding=\"async\" width=\"1080\" height=\"1350\" src=\"https:\/\/www.perfumeriasavenida.com\/blog\/wp-content\/uploads\/2026\/03\/2-LOTES.jpg\" alt=\"\" class=\"wp-image-9752\"\/><\/figure>\n\n\n\n<p>Sorteamos 2 lotes de productos de maquillaje de Rimmel, Sally Hansen, Max Factor y Bourjois.<br>Dos ganadores diferentes.<\/p>\n\n\n\n<p><\/p>\n\n\n\n<p id=\"block-a360fba3-d754-408f-a522-6f0c6de2b4a5\"><strong>Pueden participa<\/strong><\/p>\n\n\n\n<p id=\"block-cb0b29ff-82b5-4da4-b058-01f2b14e434b\">Podr\u00e1n participar todas las personas que lo deseen a trav\u00e9s de su perfil en Instagram, que residan en Espa\u00f1a (Pen\u00ednsula y Baleares).<\/p>\n\n\n\n<p id=\"block-a43185b2-b01b-4015-9ca3-5f6c87bae48c\">No podr\u00e1n participar empleados de Perfumer\u00edas Avenida, as\u00ed como de la compa\u00f1\u00eda general Grupo Recio.<\/p>\n\n\n\n<p id=\"block-e277fefb-aedd-4520-8ab6-25c38a7727d7\"><strong>Requisitos para participar<\/strong><\/p>\n\n\n\n<p id=\"block-551ca815-5c59-47e7-92a5-8d753bede2af\">1. Sigue las cuentas oficiales de @perfumeriasavenida.<\/p>\n\n\n\n<p id=\"block-d72f0993-17f8-4aa5-974e-dc690f2a49ff\">2. Dar like a la foto<\/p>\n\n\n\n<p id=\"block-17f9a5e8-dd35-44fd-8868-64318f424951\">3. Mencionar a 2 amigxs<\/p>\n\n\n\n<p id=\"block-271a0aab-5c0f-4cb5-b4bc-1fe0d6e12a42\">Puedes participar la veces que quieras.<\/p>\n\n\n\n<p id=\"block-7f8756d0-d0da-4f15-b7b8-79963c518427\">Participaci\u00f3n extra si compartes en stories.<\/p>\n\n\n\n<p id=\"block-a2ed2fe6-8779-4835-9973-4fbc68b0c1f5\"><strong>Duraci\u00f3n del sorteo<\/strong><\/p>\n\n\n\n<p id=\"block-4bf590a3-d986-4b51-a10c-778528f181bb\">Podr\u00e1s participar en el sorteo a partir de la publicaci\u00f3n del sorteo el d\u00eda 28 de marzo hasta el 6 de abril a las 23:59h (GMT+1) de 2026. Cualquier participaci\u00f3n despu\u00e9s de la fecha indicada no ser\u00e1 contemplada en el sorteo.<\/p>\n\n\n\n<p id=\"block-e93e4282-e374-4ac2-8660-4a8c2035ba79\"><strong>Elecci\u00f3n de los ganadores<\/strong><\/p>\n\n\n\n<p id=\"block-d2f0cb00-df9d-4887-bcc7-af296468d482\">Entre las personas que cumplan todos los requisitos se elegir\u00e1 los ganadores\/as. El sorteo se realizar\u00e1 mediante Easypromos y anunciaremos los ganadores en nuestro perfil de Instagram.<\/p>\n\n\n\n<p id=\"block-3c8625ab-182f-4737-8879-0f4c4a7d0b83\">Nos pondremos en contacto con los ganadores\/as del sorteo a trav\u00e9s de su perfil en Instagram para que pueda facilitarnos su direcci\u00f3n de env\u00edo completa. En caso de que no recibamos respuesta en un plazo de 48 horas, los ganadores\/as pasar\u00eda a ser los suplentes.<\/p>\n\n\n\n<p><\/p>\n\n\n\n<p>\u00a1MUCHA SUERTE!<\/p>\n\n\n\n<p class=\"has-text-align-center\">SORTEO LOTES DEBORAH MILANO<\/p>\n\n\n\n<figure class=\"wp-block-image size-full\"><img loading=\"lazy\" decoding=\"async\" width=\"1080\" height=\"1350\" src=\"https:\/\/www.perfumeriasavenida.com\/blog\/wp-content\/uploads\/2026\/04\/Sorteo-AVENIDA-Marzo-26.png\" alt=\"\" class=\"wp-image-9780\"\/><\/figure>\n\n\n\n<p>Sorteamos 3 lotes de productos de maquillaje de Deborah Milano.<br>Tres ganadores diferentes.<\/p>\n\n\n\n<p><\/p>\n\n\n\n<p id=\"block-a360fba3-d754-408f-a522-6f0c6de2b4a5\"><strong>Pueden participa<\/strong><\/p>\n\n\n\n<p id=\"block-cb0b29ff-82b5-4da4-b058-01f2b14e434b\">Podr\u00e1n participar todas las personas que lo deseen a trav\u00e9s de su perfil en Instagram, que residan en Espa\u00f1a (Pen\u00ednsula y Baleares).<\/p>\n\n\n\n<p id=\"block-a43185b2-b01b-4015-9ca3-5f6c87bae48c\">No podr\u00e1n participar empleados de Perfumer\u00edas Avenida, as\u00ed como de la compa\u00f1\u00eda general Grupo Recio.<\/p>\n\n\n\n<p id=\"block-e277fefb-aedd-4520-8ab6-25c38a7727d7\"><strong>Requisitos para participar<\/strong><\/p>\n\n\n\n<p id=\"block-551ca815-5c59-47e7-92a5-8d753bede2af\">1. Sigue las cuentas oficiales de @perfumeriasavenida y &nbsp;<a href=\"https:\/\/www.instagram.com\/deborah_milano_makeup\/\">@deborah_milano_makeup<\/a><\/p>\n\n\n\n<p id=\"block-d72f0993-17f8-4aa5-974e-dc690f2a49ff\">2. Dar like a la foto<\/p>\n\n\n\n<p id=\"block-17f9a5e8-dd35-44fd-8868-64318f424951\">3. Mencionar a 2 amigxs<\/p>\n\n\n\n<p id=\"block-271a0aab-5c0f-4cb5-b4bc-1fe0d6e12a42\">Puedes participar la veces que quieras.<\/p>\n\n\n\n<p id=\"block-7f8756d0-d0da-4f15-b7b8-79963c518427\">Participaci\u00f3n extra si compartes en stories.<\/p>\n\n\n\n<p id=\"block-a2ed2fe6-8779-4835-9973-4fbc68b0c1f5\"><strong>Duraci\u00f3n del sorteo<\/strong><\/p>\n\n\n\n<p id=\"block-4bf590a3-d986-4b51-a10c-778528f181bb\">Podr\u00e1s participar en el sorteo a partir de la publicaci\u00f3n del sorteo el d\u00eda 4 de abril hasta el 13 de abril a las 23:59h (GMT+1) de 2026. Cualquier participaci\u00f3n despu\u00e9s de la fecha indicada no ser\u00e1 contemplada en el sorteo.<\/p>\n\n\n\n<p id=\"block-e93e4282-e374-4ac2-8660-4a8c2035ba79\"><strong>Elecci\u00f3n de los ganadores<\/strong><\/p>\n\n\n\n<p id=\"block-d2f0cb00-df9d-4887-bcc7-af296468d482\">Entre las personas que cumplan todos los requisitos se elegir\u00e1 los ganadores\/as. El sorteo se realizar\u00e1 mediante Easypromos y anunciaremos los ganadores en nuestro perfil de Instagram.<\/p>\n\n\n\n<p id=\"block-3c8625ab-182f-4737-8879-0f4c4a7d0b83\">Nos pondremos en contacto con los ganadores\/as del sorteo a trav\u00e9s de su perfil en Instagram para que pueda facilitarnos su direcci\u00f3n de env\u00edo completa. En caso de que no recibamos respuesta en un plazo de 48 horas, los ganadores\/as pasar\u00eda a ser los suplentes.<\/p>\n\n\n\n<p><\/p>\n\n\n\n<p>\u00a1MUCHA SUERTE!<\/p>\n","protected":false},"excerpt":{"rendered":"<p>SORTEO 2 LOTES MAQUILLAJE RIMMEL, SALLY HANSEN, MAX FACTOR Y BOUJOIS Sorteamos 2 lotes de productos de maquillaje de Rimmel, Sally Hansen, Max Factor y Bourjois.Dos ganadores diferentes. Pueden participa Podr\u00e1n participar todas las personas que lo deseen a trav\u00e9s de su perfil en Instagram,&#8230;<\/p>\n","protected":false},"author":8,"featured_media":0,"parent":0,"menu_order":0,"comment_status":"closed","ping_status":"closed","template":"","meta":{"footnotes":""},"class_list":["post-988","page","type-page","status-publish","hentry"],"_links":{"self":[{"href":"https:\/\/www.perfumeriasavenida.com\/blog\/wp-json\/wp\/v2\/pages\/988","targetHints":{"allow":["GET"]}}],"collection":[{"href":"https:\/\/www.perfumeriasavenida.com\/blog\/wp-json\/wp\/v2\/pages"}],"about":[{"href":"https:\/\/www.perfumeriasavenida.com\/blog\/wp-json\/wp\/v2\/types\/page"}],"author":[{"embeddable":true,"href":"https:\/\/www.perfumeriasavenida.com\/blog\/wp-json\/wp\/v2\/users\/8"}],"replies":[{"embeddable":true,"href":"https:\/\/www.perfumeriasavenida.com\/blog\/wp-json\/wp\/v2\/comments?post=988"}],"version-history":[{"count":183,"href":"https:\/\/www.perfumeriasavenida.com\/blog\/wp-json\/wp\/v2\/pages\/988\/revisions"}],"predecessor-version":[{"id":9782,"href":"https:\/\/www.perfumeriasavenida.com\/blog\/wp-json\/wp\/v2\/pages\/988\/revisions\/9782"}],"wp:attachment":[{"href":"https:\/\/www.perfumeriasavenida.com\/blog\/wp-json\/wp\/v2\/media?parent=988"}],"curies":[{"name":"wp","href":"https:\/\/api.w.org\/{rel}","templated":true}]}}